{"id":2,"date":"2019-02-07T18:21:36","date_gmt":"2019-02-07T18:21:36","guid":{"rendered":"https:\/\/redesmesh.com.br\/_huesmann\/wp_hsmn\/?page_id=2"},"modified":"2019-03-19T12:04:14","modified_gmt":"2019-03-19T15:04:14","slug":"sample-page","status":"publish","type":"page","link":"https:\/\/www.huesmann.com.br\/wp_hsmn\/","title":{"rendered":"Bem vindo \u00e0 Huesmann Services"},"content":{"rendered":"\n<p>N\u00e3o importa o tamanho de sua empresa. Fazemos um dimensionamento personalizado de acordo com seu or\u00e7amento. O mais importante \u00e9 n\u00e3o perder dinheiro comprando equipamentos desnecess\u00e1rios para sua empresa. Fazemos um plano de aquisi\u00e7\u00e3o a longo prazo, prevendo o quanto vai gastar com a implanta\u00e7\u00e3o de TI. Damos cursos personalizados aos usu\u00e1rios dos novos equipamentos.<\/p>\n\n\n\n<p>Temos experi\u00eancia de mais de 40 anos em TI, inclusive na Europa.<\/p>\n\n\n\n<p>Al\u00e9m disso, o Brasil passa por mudan\u00e7as. N\u00e3o fique fora delas. Leve sua empresa ao patamar de economia sustent\u00e1vel.<a>\u200b<\/a><\/p>\n\n\n\n<p>O que podemos oferecer:<\/p>\n\n\n\n<blockquote class=\"wp-block-quote is-layout-flow wp-block-quote-is-layout-flow\"><p>Dimensionamento dos equipamentos de TI<br>Orienta\u00e7\u00e3o de compras de equipamentos de TI<br>Consulta de produtos e pre\u00e7os<br>Instalacao dos equipamentos comprados<br>Implanta\u00e7\u00e3o de certificado digital<br><a>\u200b<\/a> <\/p><\/blockquote>\n","protected":false},"excerpt":{"rendered":"<p>N\u00e3o importa o tamanho de sua empresa. Fazemos um dimensionamento personalizado de acordo com seu or\u00e7amento. O mais importante \u00e9[&#8230;]<\/p>\n","protected":false},"author":1,"featured_media":0,"parent":0,"menu_order":0,"comment_status":"closed","ping_status":"open","template":"","meta":{"footnotes":""},"class_list":["post-2","page","type-page","status-publish","hentry"],"yoast_head":"<!-- This site is optimized with the Yoast SEO plugin v26.5 - https:\/\/yoast.com\/wordpress\/plugins\/seo\/ -->\n<title>Bem vindo \u00e0 Huesmann Services - Huesmann Services<\/title>\n<meta name=\"description\" content=\"A Huesmann Services \u00e9 uma empresa focada em atender redes de computadores de empresas pequenas na regi\u00e3o do Tatuap\u00e9 e zona leste da cidade de S\u00e3o Paulo, Brasil\" \/>\n<meta name=\"robots\" content=\"index, follow, max-snippet:-1, max-image-preview:large, max-video-preview:-1\" \/>\n<link rel=\"canonical\" href=\"https:\/\/www.huesmann.com.br\/wp_hsmn\/\" \/>\n<meta property=\"og:locale\" content=\"pt_PT\" \/>\n<meta property=\"og:type\" content=\"article\" \/>\n<meta property=\"og:title\" content=\"Bem vindo \u00e0 Huesmann Services - Huesmann Services\" \/>\n<meta property=\"og:description\" content=\"A Huesmann Services \u00e9 uma empresa focada em atender redes de computadores de empresas pequenas na regi\u00e3o do Tatuap\u00e9 e zona leste da cidade de S\u00e3o Paulo, Brasil\" \/>\n<meta property=\"og:url\" content=\"https:\/\/www.huesmann.com.br\/wp_hsmn\/\" \/>\n<meta property=\"og:site_name\" content=\"Huesmann Services\" \/>\n<meta property=\"article:publisher\" content=\"http:\/\/www.facebook.com\/huesmannservices\" \/>\n<meta property=\"article:modified_time\" content=\"2019-03-19T15:04:14+00:00\" \/>\n<meta name=\"twitter:card\" content=\"summary_large_image\" \/>\n<meta name=\"twitter:site\" content=\"@huesmannservices\" \/>\n<meta name=\"twitter:label1\" content=\"Tempo estimado de leitura\" \/>\n\t<meta name=\"twitter:data1\" content=\"1 minuto\" \/>\n<script type=\"application\/ld+json\" class=\"yoast-schema-graph\">{\"@context\":\"https:\/\/schema.org\",\"@graph\":[{\"@type\":\"WebPage\",\"@id\":\"https:\/\/www.huesmann.com.br\/wp_hsmn\/\",\"url\":\"https:\/\/www.huesmann.com.br\/wp_hsmn\/\",\"name\":\"Bem vindo \u00e0 Huesmann Services - Huesmann Services\",\"isPartOf\":{\"@id\":\"https:\/\/www.huesmann.com.br\/wp_hsmn\/#website\"},\"datePublished\":\"2019-02-07T18:21:36+00:00\",\"dateModified\":\"2019-03-19T15:04:14+00:00\",\"description\":\"A Huesmann Services \u00e9 uma empresa focada em atender redes de computadores de empresas pequenas na regi\u00e3o do Tatuap\u00e9 e zona leste da cidade de S\u00e3o Paulo, Brasil\",\"breadcrumb\":{\"@id\":\"https:\/\/www.huesmann.com.br\/wp_hsmn\/#breadcrumb\"},\"inLanguage\":\"pt-PT\",\"potentialAction\":[{\"@type\":\"ReadAction\",\"target\":[\"https:\/\/www.huesmann.com.br\/wp_hsmn\/\"]}]},{\"@type\":\"BreadcrumbList\",\"@id\":\"https:\/\/www.huesmann.com.br\/wp_hsmn\/#breadcrumb\",\"itemListElement\":[{\"@type\":\"ListItem\",\"position\":1,\"name\":\"In\u00edcio\",\"item\":\"https:\/\/www.huesmann.com.br\/wp_hsmn\/\"},{\"@type\":\"ListItem\",\"position\":2,\"name\":\"Bem vindo \u00e0 Huesmann Services\"}]},{\"@type\":\"WebSite\",\"@id\":\"https:\/\/www.huesmann.com.br\/wp_hsmn\/#website\",\"url\":\"https:\/\/www.huesmann.com.br\/wp_hsmn\/\",\"name\":\"Huesmann Services\",\"description\":\"Inform\u00e1tica para pequenas empresas\",\"publisher\":{\"@id\":\"https:\/\/www.huesmann.com.br\/wp_hsmn\/#organization\"},\"potentialAction\":[{\"@type\":\"SearchAction\",\"target\":{\"@type\":\"EntryPoint\",\"urlTemplate\":\"https:\/\/www.huesmann.com.br\/wp_hsmn\/?s={search_term_string}\"},\"query-input\":{\"@type\":\"PropertyValueSpecification\",\"valueRequired\":true,\"valueName\":\"search_term_string\"}}],\"inLanguage\":\"pt-PT\"},{\"@type\":\"Organization\",\"@id\":\"https:\/\/www.huesmann.com.br\/wp_hsmn\/#organization\",\"name\":\"Huesmann Services\",\"url\":\"https:\/\/www.huesmann.com.br\/wp_hsmn\/\",\"logo\":{\"@type\":\"ImageObject\",\"inLanguage\":\"pt-PT\",\"@id\":\"https:\/\/www.huesmann.com.br\/wp_hsmn\/#\/schema\/logo\/image\/\",\"url\":\"https:\/\/www.huesmann.com.br\/wp_hsmn\/wp-content\/uploads\/2019\/02\/cropped-Logo-Huesmann-250_50-1.png\",\"contentUrl\":\"https:\/\/www.huesmann.com.br\/wp_hsmn\/wp-content\/uploads\/2019\/02\/cropped-Logo-Huesmann-250_50-1.png\",\"width\":250,\"height\":50,\"caption\":\"Huesmann Services\"},\"image\":{\"@id\":\"https:\/\/www.huesmann.com.br\/wp_hsmn\/#\/schema\/logo\/image\/\"},\"sameAs\":[\"http:\/\/www.facebook.com\/huesmannservices\",\"https:\/\/x.com\/huesmannservices\"]}]}<\/script>\n<!-- \/ Yoast SEO plugin. -->","yoast_head_json":{"title":"Bem vindo \u00e0 Huesmann Services - Huesmann Services","description":"A Huesmann Services \u00e9 uma empresa focada em atender redes de computadores de empresas pequenas na regi\u00e3o do Tatuap\u00e9 e zona leste da cidade de S\u00e3o Paulo, Brasil","robots":{"index":"index","follow":"follow","max-snippet":"max-snippet:-1","max-image-preview":"max-image-preview:large","max-video-preview":"max-video-preview:-1"},"canonical":"https:\/\/www.huesmann.com.br\/wp_hsmn\/","og_locale":"pt_PT","og_type":"article","og_title":"Bem vindo \u00e0 Huesmann Services - Huesmann Services","og_description":"A Huesmann Services \u00e9 uma empresa focada em atender redes de computadores de empresas pequenas na regi\u00e3o do Tatuap\u00e9 e zona leste da cidade de S\u00e3o Paulo, Brasil","og_url":"https:\/\/www.huesmann.com.br\/wp_hsmn\/","og_site_name":"Huesmann Services","article_publisher":"http:\/\/www.facebook.com\/huesmannservices","article_modified_time":"2019-03-19T15:04:14+00:00","twitter_card":"summary_large_image","twitter_site":"@huesmannservices","twitter_misc":{"Tempo estimado de leitura":"1 minuto"},"schema":{"@context":"https:\/\/schema.org","@graph":[{"@type":"WebPage","@id":"https:\/\/www.huesmann.com.br\/wp_hsmn\/","url":"https:\/\/www.huesmann.com.br\/wp_hsmn\/","name":"Bem vindo \u00e0 Huesmann Services - Huesmann Services","isPartOf":{"@id":"https:\/\/www.huesmann.com.br\/wp_hsmn\/#website"},"datePublished":"2019-02-07T18:21:36+00:00","dateModified":"2019-03-19T15:04:14+00:00","description":"A Huesmann Services \u00e9 uma empresa focada em atender redes de computadores de empresas pequenas na regi\u00e3o do Tatuap\u00e9 e zona leste da cidade de S\u00e3o Paulo, Brasil","breadcrumb":{"@id":"https:\/\/www.huesmann.com.br\/wp_hsmn\/#breadcrumb"},"inLanguage":"pt-PT","potentialAction":[{"@type":"ReadAction","target":["https:\/\/www.huesmann.com.br\/wp_hsmn\/"]}]},{"@type":"BreadcrumbList","@id":"https:\/\/www.huesmann.com.br\/wp_hsmn\/#breadcrumb","itemListElement":[{"@type":"ListItem","position":1,"name":"In\u00edcio","item":"https:\/\/www.huesmann.com.br\/wp_hsmn\/"},{"@type":"ListItem","position":2,"name":"Bem vindo \u00e0 Huesmann Services"}]},{"@type":"WebSite","@id":"https:\/\/www.huesmann.com.br\/wp_hsmn\/#website","url":"https:\/\/www.huesmann.com.br\/wp_hsmn\/","name":"Huesmann Services","description":"Inform\u00e1tica para pequenas empresas","publisher":{"@id":"https:\/\/www.huesmann.com.br\/wp_hsmn\/#organization"},"potentialAction":[{"@type":"SearchAction","target":{"@type":"EntryPoint","urlTemplate":"https:\/\/www.huesmann.com.br\/wp_hsmn\/?s={search_term_string}"},"query-input":{"@type":"PropertyValueSpecification","valueRequired":true,"valueName":"search_term_string"}}],"inLanguage":"pt-PT"},{"@type":"Organization","@id":"https:\/\/www.huesmann.com.br\/wp_hsmn\/#organization","name":"Huesmann Services","url":"https:\/\/www.huesmann.com.br\/wp_hsmn\/","logo":{"@type":"ImageObject","inLanguage":"pt-PT","@id":"https:\/\/www.huesmann.com.br\/wp_hsmn\/#\/schema\/logo\/image\/","url":"https:\/\/www.huesmann.com.br\/wp_hsmn\/wp-content\/uploads\/2019\/02\/cropped-Logo-Huesmann-250_50-1.png","contentUrl":"https:\/\/www.huesmann.com.br\/wp_hsmn\/wp-content\/uploads\/2019\/02\/cropped-Logo-Huesmann-250_50-1.png","width":250,"height":50,"caption":"Huesmann Services"},"image":{"@id":"https:\/\/www.huesmann.com.br\/wp_hsmn\/#\/schema\/logo\/image\/"},"sameAs":["http:\/\/www.facebook.com\/huesmannservices","https:\/\/x.com\/huesmannservices"]}]}},"_links":{"self":[{"href":"https:\/\/www.huesmann.com.br\/wp_hsmn\/wp-json\/wp\/v2\/pages\/2","targetHints":{"allow":["GET"]}}],"collection":[{"href":"https:\/\/www.huesmann.com.br\/wp_hsmn\/wp-json\/wp\/v2\/pages"}],"about":[{"href":"https:\/\/www.huesmann.com.br\/wp_hsmn\/wp-json\/wp\/v2\/types\/page"}],"author":[{"embeddable":true,"href":"https:\/\/www.huesmann.com.br\/wp_hsmn\/wp-json\/wp\/v2\/users\/1"}],"replies":[{"embeddable":true,"href":"https:\/\/www.huesmann.com.br\/wp_hsmn\/wp-json\/wp\/v2\/comments?post=2"}],"version-history":[{"count":4,"href":"https:\/\/www.huesmann.com.br\/wp_hsmn\/wp-json\/wp\/v2\/pages\/2\/revisions"}],"predecessor-version":[{"id":393,"href":"https:\/\/www.huesmann.com.br\/wp_hsmn\/wp-json\/wp\/v2\/pages\/2\/revisions\/393"}],"wp:attachment":[{"href":"https:\/\/www.huesmann.com.br\/wp_hsmn\/wp-json\/wp\/v2\/media?parent=2"}],"curies":[{"name":"wp","href":"https:\/\/api.w.org\/{rel}","templated":true}]}}