{"id":346,"date":"2019-02-14T09:44:23","date_gmt":"2019-02-14T11:44:23","guid":{"rendered":"https:\/\/redesmesh.com.br\/_huesmann\/wp_hsmn\/?page_id=346"},"modified":"2019-03-14T10:57:40","modified_gmt":"2019-03-14T13:57:40","slug":"consultoria-em-gerenciamento-de-certificados-digitais","status":"publish","type":"page","link":"https:\/\/www.huesmann.com.br\/wp_hsmn\/consultoria-em-gerenciamento-de-certificados-digitais\/","title":{"rendered":"Consultoria em &#8220;Gerenciamento de Certificados Digitais&#8221;"},"content":{"rendered":"<p>\n<!--StartFragment--><\/p>\n\n\n<p>Voc\u00ea sabe com quem est\u00e3o seus Certificados Digitais, seu e-CPF e o e-CNPJ de sua empresa?<\/p>\n\n\n\n<p>N\u00e3o. Ent\u00e3o \u00e9 bom se preocupar com isto.<\/p>\n\n\n\n<p>Voc\u00ea sabia que o poder de assinatura digital de um Certificado \u00e9 o mesmo que a sua assinatura no papel?<\/p>\n\n\n\n<p>Se voc\u00ea entregou seus certificados a terceiros, assinou uma folha em branco.<\/p>\n\n\n\n<p>Nossa consultoria tem a finalidade de:  <\/p>\n\n\n\n<ul class=\"wp-block-list\"><li>recuperar a posse dos seus certificados<\/li><li>orient\u00e1-lo no uso correto<\/li><li>gerar procura\u00e7\u00f5es eletr\u00f4nicas com restri\u00e7\u00f5es de poderes para as pessoas que precisam us\u00e1-lo<\/li><li>gerenciar as validades das procura\u00e7\u00f5es<\/li><\/ul>\n\n\n<p><!--EndFragment--><\/p>\n<p><\/p>","protected":false},"excerpt":{"rendered":"<p>Voc\u00ea sabe com quem est\u00e3o seus Certificados Digitais, seu e-CPF e o e-CNPJ de sua empresa? N\u00e3o. Ent\u00e3o \u00e9 bom[&#8230;]<\/p>\n","protected":false},"author":1,"featured_media":390,"parent":0,"menu_order":0,"comment_status":"closed","ping_status":"closed","template":"","meta":{"footnotes":""},"class_list":["post-346","page","type-page","status-publish","has-post-thumbnail","hentry"],"yoast_head":"<!-- This site is optimized with the Yoast SEO plugin v26.5 - https:\/\/yoast.com\/wordpress\/plugins\/seo\/ -->\n<title>Consultoria em &quot;Gerenciamento de Certificados Digitais&quot; - Huesmann Services<\/title>\n<meta name=\"robots\" content=\"index, follow, max-snippet:-1, max-image-preview:large, max-video-preview:-1\" \/>\n<link rel=\"canonical\" href=\"https:\/\/www.huesmann.com.br\/wp_hsmn\/consultoria-em-gerenciamento-de-certificados-digitais\/\" \/>\n<meta property=\"og:locale\" content=\"pt_PT\" \/>\n<meta property=\"og:type\" content=\"article\" \/>\n<meta property=\"og:title\" content=\"Consultoria em &quot;Gerenciamento de Certificados Digitais&quot; - Huesmann Services\" \/>\n<meta property=\"og:description\" content=\"Voc\u00ea sabe com quem est\u00e3o seus Certificados Digitais, seu e-CPF e o e-CNPJ de sua empresa? N\u00e3o. Ent\u00e3o \u00e9 bom[...]\" \/>\n<meta property=\"og:url\" content=\"https:\/\/www.huesmann.com.br\/wp_hsmn\/consultoria-em-gerenciamento-de-certificados-digitais\/\" \/>\n<meta property=\"og:site_name\" content=\"Huesmann Services\" \/>\n<meta property=\"article:publisher\" content=\"http:\/\/www.facebook.com\/huesmannservices\" \/>\n<meta property=\"article:modified_time\" content=\"2019-03-14T13:57:40+00:00\" \/>\n<meta property=\"og:image\" content=\"https:\/\/www.huesmann.com.br\/wp_hsmn\/wp-content\/uploads\/2019\/03\/FaixaVerde_200_5.png\" \/>\n\t<meta property=\"og:image:width\" content=\"200\" \/>\n\t<meta property=\"og:image:height\" content=\"5\" \/>\n\t<meta property=\"og:image:type\" content=\"image\/png\" \/>\n<meta name=\"twitter:card\" content=\"summary_large_image\" \/>\n<meta name=\"twitter:site\" content=\"@huesmannservices\" \/>\n<script type=\"application\/ld+json\" class=\"yoast-schema-graph\">{\"@context\":\"https:\/\/schema.org\",\"@graph\":[{\"@type\":\"WebPage\",\"@id\":\"https:\/\/www.huesmann.com.br\/wp_hsmn\/consultoria-em-gerenciamento-de-certificados-digitais\/\",\"url\":\"https:\/\/www.huesmann.com.br\/wp_hsmn\/consultoria-em-gerenciamento-de-certificados-digitais\/\",\"name\":\"Consultoria em \\\"Gerenciamento de Certificados Digitais\\\" - Huesmann Services\",\"isPartOf\":{\"@id\":\"https:\/\/www.huesmann.com.br\/wp_hsmn\/#website\"},\"primaryImageOfPage\":{\"@id\":\"https:\/\/www.huesmann.com.br\/wp_hsmn\/consultoria-em-gerenciamento-de-certificados-digitais\/#primaryimage\"},\"image\":{\"@id\":\"https:\/\/www.huesmann.com.br\/wp_hsmn\/consultoria-em-gerenciamento-de-certificados-digitais\/#primaryimage\"},\"thumbnailUrl\":\"https:\/\/www.huesmann.com.br\/wp_hsmn\/wp-content\/uploads\/2019\/03\/FaixaVerde_200_5.png\",\"datePublished\":\"2019-02-14T11:44:23+00:00\",\"dateModified\":\"2019-03-14T13:57:40+00:00\",\"breadcrumb\":{\"@id\":\"https:\/\/www.huesmann.com.br\/wp_hsmn\/consultoria-em-gerenciamento-de-certificados-digitais\/#breadcrumb\"},\"inLanguage\":\"pt-PT\",\"potentialAction\":[{\"@type\":\"ReadAction\",\"target\":[\"https:\/\/www.huesmann.com.br\/wp_hsmn\/consultoria-em-gerenciamento-de-certificados-digitais\/\"]}]},{\"@type\":\"ImageObject\",\"inLanguage\":\"pt-PT\",\"@id\":\"https:\/\/www.huesmann.com.br\/wp_hsmn\/consultoria-em-gerenciamento-de-certificados-digitais\/#primaryimage\",\"url\":\"https:\/\/www.huesmann.com.br\/wp_hsmn\/wp-content\/uploads\/2019\/03\/FaixaVerde_200_5.png\",\"contentUrl\":\"https:\/\/www.huesmann.com.br\/wp_hsmn\/wp-content\/uploads\/2019\/03\/FaixaVerde_200_5.png\",\"width\":200,\"height\":5},{\"@type\":\"BreadcrumbList\",\"@id\":\"https:\/\/www.huesmann.com.br\/wp_hsmn\/consultoria-em-gerenciamento-de-certificados-digitais\/#breadcrumb\",\"itemListElement\":[{\"@type\":\"ListItem\",\"position\":1,\"name\":\"In\u00edcio\",\"item\":\"https:\/\/www.huesmann.com.br\/wp_hsmn\/\"},{\"@type\":\"ListItem\",\"position\":2,\"name\":\"Consultoria em &#8220;Gerenciamento de Certificados Digitais&#8221;\"}]},{\"@type\":\"WebSite\",\"@id\":\"https:\/\/www.huesmann.com.br\/wp_hsmn\/#website\",\"url\":\"https:\/\/www.huesmann.com.br\/wp_hsmn\/\",\"name\":\"Huesmann Services\",\"description\":\"Inform\u00e1tica para pequenas empresas\",\"publisher\":{\"@id\":\"https:\/\/www.huesmann.com.br\/wp_hsmn\/#organization\"},\"potentialAction\":[{\"@type\":\"SearchAction\",\"target\":{\"@type\":\"EntryPoint\",\"urlTemplate\":\"https:\/\/www.huesmann.com.br\/wp_hsmn\/?s={search_term_string}\"},\"query-input\":{\"@type\":\"PropertyValueSpecification\",\"valueRequired\":true,\"valueName\":\"search_term_string\"}}],\"inLanguage\":\"pt-PT\"},{\"@type\":\"Organization\",\"@id\":\"https:\/\/www.huesmann.com.br\/wp_hsmn\/#organization\",\"name\":\"Huesmann Services\",\"url\":\"https:\/\/www.huesmann.com.br\/wp_hsmn\/\",\"logo\":{\"@type\":\"ImageObject\",\"inLanguage\":\"pt-PT\",\"@id\":\"https:\/\/www.huesmann.com.br\/wp_hsmn\/#\/schema\/logo\/image\/\",\"url\":\"https:\/\/www.huesmann.com.br\/wp_hsmn\/wp-content\/uploads\/2019\/02\/cropped-Logo-Huesmann-250_50-1.png\",\"contentUrl\":\"https:\/\/www.huesmann.com.br\/wp_hsmn\/wp-content\/uploads\/2019\/02\/cropped-Logo-Huesmann-250_50-1.png\",\"width\":250,\"height\":50,\"caption\":\"Huesmann Services\"},\"image\":{\"@id\":\"https:\/\/www.huesmann.com.br\/wp_hsmn\/#\/schema\/logo\/image\/\"},\"sameAs\":[\"http:\/\/www.facebook.com\/huesmannservices\",\"https:\/\/x.com\/huesmannservices\"]}]}<\/script>\n<!-- \/ Yoast SEO plugin. -->","yoast_head_json":{"title":"Consultoria em \"Gerenciamento de Certificados Digitais\" - Huesmann Services","robots":{"index":"index","follow":"follow","max-snippet":"max-snippet:-1","max-image-preview":"max-image-preview:large","max-video-preview":"max-video-preview:-1"},"canonical":"https:\/\/www.huesmann.com.br\/wp_hsmn\/consultoria-em-gerenciamento-de-certificados-digitais\/","og_locale":"pt_PT","og_type":"article","og_title":"Consultoria em \"Gerenciamento de Certificados Digitais\" - Huesmann Services","og_description":"Voc\u00ea sabe com quem est\u00e3o seus Certificados Digitais, seu e-CPF e o e-CNPJ de sua empresa? N\u00e3o. Ent\u00e3o \u00e9 bom[...]","og_url":"https:\/\/www.huesmann.com.br\/wp_hsmn\/consultoria-em-gerenciamento-de-certificados-digitais\/","og_site_name":"Huesmann Services","article_publisher":"http:\/\/www.facebook.com\/huesmannservices","article_modified_time":"2019-03-14T13:57:40+00:00","og_image":[{"width":200,"height":5,"url":"https:\/\/www.huesmann.com.br\/wp_hsmn\/wp-content\/uploads\/2019\/03\/FaixaVerde_200_5.png","type":"image\/png"}],"twitter_card":"summary_large_image","twitter_site":"@huesmannservices","schema":{"@context":"https:\/\/schema.org","@graph":[{"@type":"WebPage","@id":"https:\/\/www.huesmann.com.br\/wp_hsmn\/consultoria-em-gerenciamento-de-certificados-digitais\/","url":"https:\/\/www.huesmann.com.br\/wp_hsmn\/consultoria-em-gerenciamento-de-certificados-digitais\/","name":"Consultoria em \"Gerenciamento de Certificados Digitais\" - Huesmann Services","isPartOf":{"@id":"https:\/\/www.huesmann.com.br\/wp_hsmn\/#website"},"primaryImageOfPage":{"@id":"https:\/\/www.huesmann.com.br\/wp_hsmn\/consultoria-em-gerenciamento-de-certificados-digitais\/#primaryimage"},"image":{"@id":"https:\/\/www.huesmann.com.br\/wp_hsmn\/consultoria-em-gerenciamento-de-certificados-digitais\/#primaryimage"},"thumbnailUrl":"https:\/\/www.huesmann.com.br\/wp_hsmn\/wp-content\/uploads\/2019\/03\/FaixaVerde_200_5.png","datePublished":"2019-02-14T11:44:23+00:00","dateModified":"2019-03-14T13:57:40+00:00","breadcrumb":{"@id":"https:\/\/www.huesmann.com.br\/wp_hsmn\/consultoria-em-gerenciamento-de-certificados-digitais\/#breadcrumb"},"inLanguage":"pt-PT","potentialAction":[{"@type":"ReadAction","target":["https:\/\/www.huesmann.com.br\/wp_hsmn\/consultoria-em-gerenciamento-de-certificados-digitais\/"]}]},{"@type":"ImageObject","inLanguage":"pt-PT","@id":"https:\/\/www.huesmann.com.br\/wp_hsmn\/consultoria-em-gerenciamento-de-certificados-digitais\/#primaryimage","url":"https:\/\/www.huesmann.com.br\/wp_hsmn\/wp-content\/uploads\/2019\/03\/FaixaVerde_200_5.png","contentUrl":"https:\/\/www.huesmann.com.br\/wp_hsmn\/wp-content\/uploads\/2019\/03\/FaixaVerde_200_5.png","width":200,"height":5},{"@type":"BreadcrumbList","@id":"https:\/\/www.huesmann.com.br\/wp_hsmn\/consultoria-em-gerenciamento-de-certificados-digitais\/#breadcrumb","itemListElement":[{"@type":"ListItem","position":1,"name":"In\u00edcio","item":"https:\/\/www.huesmann.com.br\/wp_hsmn\/"},{"@type":"ListItem","position":2,"name":"Consultoria em &#8220;Gerenciamento de Certificados Digitais&#8221;"}]},{"@type":"WebSite","@id":"https:\/\/www.huesmann.com.br\/wp_hsmn\/#website","url":"https:\/\/www.huesmann.com.br\/wp_hsmn\/","name":"Huesmann Services","description":"Inform\u00e1tica para pequenas empresas","publisher":{"@id":"https:\/\/www.huesmann.com.br\/wp_hsmn\/#organization"},"potentialAction":[{"@type":"SearchAction","target":{"@type":"EntryPoint","urlTemplate":"https:\/\/www.huesmann.com.br\/wp_hsmn\/?s={search_term_string}"},"query-input":{"@type":"PropertyValueSpecification","valueRequired":true,"valueName":"search_term_string"}}],"inLanguage":"pt-PT"},{"@type":"Organization","@id":"https:\/\/www.huesmann.com.br\/wp_hsmn\/#organization","name":"Huesmann Services","url":"https:\/\/www.huesmann.com.br\/wp_hsmn\/","logo":{"@type":"ImageObject","inLanguage":"pt-PT","@id":"https:\/\/www.huesmann.com.br\/wp_hsmn\/#\/schema\/logo\/image\/","url":"https:\/\/www.huesmann.com.br\/wp_hsmn\/wp-content\/uploads\/2019\/02\/cropped-Logo-Huesmann-250_50-1.png","contentUrl":"https:\/\/www.huesmann.com.br\/wp_hsmn\/wp-content\/uploads\/2019\/02\/cropped-Logo-Huesmann-250_50-1.png","width":250,"height":50,"caption":"Huesmann Services"},"image":{"@id":"https:\/\/www.huesmann.com.br\/wp_hsmn\/#\/schema\/logo\/image\/"},"sameAs":["http:\/\/www.facebook.com\/huesmannservices","https:\/\/x.com\/huesmannservices"]}]}},"_links":{"self":[{"href":"https:\/\/www.huesmann.com.br\/wp_hsmn\/wp-json\/wp\/v2\/pages\/346","targetHints":{"allow":["GET"]}}],"collection":[{"href":"https:\/\/www.huesmann.com.br\/wp_hsmn\/wp-json\/wp\/v2\/pages"}],"about":[{"href":"https:\/\/www.huesmann.com.br\/wp_hsmn\/wp-json\/wp\/v2\/types\/page"}],"author":[{"embeddable":true,"href":"https:\/\/www.huesmann.com.br\/wp_hsmn\/wp-json\/wp\/v2\/users\/1"}],"replies":[{"embeddable":true,"href":"https:\/\/www.huesmann.com.br\/wp_hsmn\/wp-json\/wp\/v2\/comments?post=346"}],"version-history":[{"count":3,"href":"https:\/\/www.huesmann.com.br\/wp_hsmn\/wp-json\/wp\/v2\/pages\/346\/revisions"}],"predecessor-version":[{"id":392,"href":"https:\/\/www.huesmann.com.br\/wp_hsmn\/wp-json\/wp\/v2\/pages\/346\/revisions\/392"}],"wp:featuredmedia":[{"embeddable":true,"href":"https:\/\/www.huesmann.com.br\/wp_hsmn\/wp-json\/wp\/v2\/media\/390"}],"wp:attachment":[{"href":"https:\/\/www.huesmann.com.br\/wp_hsmn\/wp-json\/wp\/v2\/media?parent=346"}],"curies":[{"name":"wp","href":"https:\/\/api.w.org\/{rel}","templated":true}]}}