{"id":363,"date":"2019-03-13T14:09:20","date_gmt":"2019-03-13T17:09:20","guid":{"rendered":"https:\/\/redesmesh.com.br\/_huesmann\/wp_hsmn\/?page_id=363"},"modified":"2022-07-01T08:36:45","modified_gmt":"2022-07-01T11:36:45","slug":"rede-de-pequena-empresa","status":"publish","type":"page","link":"https:\/\/www.huesmann.com.br\/wp_hsmn\/rede-de-pequena-empresa\/","title":{"rendered":"Rede de Pequena Empresa"},"content":{"rendered":"\n<p>Voc\u00ea j\u00e1 teve problemas com sua rede de pequena empresa?<\/p>\n\n\n\n<p>J\u00e1 perdeu arquivos importantes e gastou muitas horas de trabalho que poderiam ter sido produtivas, refazendo tudo desde o in\u00edcio?<\/p>\n\n\n\n<p>A pessoa ou empresa que instalou e configurou tudo, desapareceu e ainda por cima n\u00e3o deixou nenhuma documenta\u00e7\u00e3o? Deixou as senhas para outra pessoa possa continuar o trabalho?<\/p>\n\n\n\n<h2 class=\"wp-block-heading\">Usamos preferencialmente softwares livres<\/h2>\n\n\n\n<p>O que significa isto? Softwares Livres s\u00e3o programas e aplicativos que podem  ser utilizados gratuitamente, sem a necessidade de adquirir licen\u00e7as nem taxas de manuten\u00e7\u00e3o. <\/p>\n\n\n\n<p>Por isso implementamos, como sugest\u00e3o, um servidor <a href=\"http:\/\/www.centos.org\">Linux<\/a> que tem a mesma funcionalidade de um servidor Windows Server utilizado em empresas maiores.  O <a href=\"https:\/\/www.microsoft.com\/pt-br\/cloud-platform\/windows-server-trial\">Windows Server<\/a> al\u00e9m de cobrar por uma licen\u00e7a para o servidor, ainda necessita licen\u00e7as adicionais para cada computador da rede. Pequenas empresas n\u00e3o tem condi\u00e7\u00f5es de arcar com custos de licen\u00e7as e manuten\u00e7\u00e3o.<\/p>\n\n\n\n<p>Al\u00e9m de um servidor confi\u00e1vel tamb\u00e9m implementamos nele, uma ferramenta de back-up para salvar os arquivos, que podem fazer falta em caso de serem apagados acidentalmente ou propositalmente, em discos externos, outros servidores ou micros e at\u00e9 na &#8220;nuvem&#8221; (que no linguajar da inform\u00e1tica significa servidores de grandes provedores como o Google, a Amazon, Microsoft, etc.). Voc\u00ea pode recuperar o arquivo ou os arquivos \u00e0 qualquer instante.<\/p>\n\n\n\n<p>At\u00e9 o roteador que o seu provedor de internet fornece, pode ser substitu\u00eddo por outro, muito mais seguro e confi\u00e1vel, com o uso de outro software livre chamado <a href=\"https:\/\/openwrt.org\/start?id=pt\/start\">OpenWRT<\/a>.<\/p>\n\n\n\n<p>Se houver necessidade de acesso aos arquivos dentro da empresa por funcion\u00e1rios que est\u00e3o em trabalho externo ou Home Office (trabalho em casa), implementamos outro software livre chamado <a href=\"https:\/\/openvpn.net\/\">OpenVPN<\/a>, que fornece toda seguran\u00e7a e inviolabilidade de comunica\u00e7\u00f5es.<\/p>\n\n\n\n<h2 class=\"wp-block-heading\">Nossa proposta \u00e9 simples&#8230;<\/h2>\n\n\n\n<p>Nossa proposta \u00e9 simples <strong>mas atende todas as suas necessidades<\/strong>. E ainda deixamos tudo documentado para que qualquer outra empresa ou pessoa assuma a administra\u00e7\u00e3o de sua rede, caso n\u00e3o esteja satisfeito com nosso servi\u00e7o. Mas tenha certeza que nos esfor\u00e7aremos ao m\u00e1ximo para que isso n\u00e3o ocorra.<\/p>\n\n\n\n<p>Isto lhe interessou? <a href=\"https:\/\/www.huesmann.com.br\/wp_hsmn\/proposta-de-rede-detalhada\/\">Veja nossa proposta detalhada<\/a>!<\/p>\n","protected":false},"excerpt":{"rendered":"<p>Voc\u00ea j\u00e1 teve problemas com sua rede de pequena empresa? J\u00e1 perdeu arquivos importantes e gastou muitas horas de trabalho[&#8230;]<\/p>\n","protected":false},"author":1,"featured_media":390,"parent":0,"menu_order":0,"comment_status":"closed","ping_status":"closed","template":"","meta":{"footnotes":""},"class_list":["post-363","page","type-page","status-publish","has-post-thumbnail","hentry"],"yoast_head":"<!-- This site is optimized with the Yoast SEO plugin v26.5 - https:\/\/yoast.com\/wordpress\/plugins\/seo\/ -->\n<title>Rede de Pequena Empresa - Huesmann Services<\/title>\n<meta name=\"robots\" content=\"index, follow, max-snippet:-1, max-image-preview:large, max-video-preview:-1\" \/>\n<link rel=\"canonical\" href=\"https:\/\/www.huesmann.com.br\/wp_hsmn\/rede-de-pequena-empresa\/\" \/>\n<meta property=\"og:locale\" content=\"pt_PT\" \/>\n<meta property=\"og:type\" content=\"article\" \/>\n<meta property=\"og:title\" content=\"Rede de Pequena Empresa - Huesmann Services\" \/>\n<meta property=\"og:description\" content=\"Voc\u00ea j\u00e1 teve problemas com sua rede de pequena empresa? J\u00e1 perdeu arquivos importantes e gastou muitas horas de trabalho[...]\" \/>\n<meta property=\"og:url\" content=\"https:\/\/www.huesmann.com.br\/wp_hsmn\/rede-de-pequena-empresa\/\" \/>\n<meta property=\"og:site_name\" content=\"Huesmann Services\" \/>\n<meta property=\"article:publisher\" content=\"http:\/\/www.facebook.com\/huesmannservices\" \/>\n<meta property=\"article:modified_time\" content=\"2022-07-01T11:36:45+00:00\" \/>\n<meta property=\"og:image\" content=\"https:\/\/www.huesmann.com.br\/wp_hsmn\/wp-content\/uploads\/2019\/03\/FaixaVerde_200_5.png\" \/>\n\t<meta property=\"og:image:width\" content=\"200\" \/>\n\t<meta property=\"og:image:height\" content=\"5\" \/>\n\t<meta property=\"og:image:type\" content=\"image\/png\" \/>\n<meta name=\"twitter:card\" content=\"summary_large_image\" \/>\n<meta name=\"twitter:site\" content=\"@huesmannservices\" \/>\n<meta name=\"twitter:label1\" content=\"Tempo estimado de leitura\" \/>\n\t<meta name=\"twitter:data1\" content=\"2 minutos\" \/>\n<script type=\"application\/ld+json\" class=\"yoast-schema-graph\">{\"@context\":\"https:\/\/schema.org\",\"@graph\":[{\"@type\":\"WebPage\",\"@id\":\"https:\/\/www.huesmann.com.br\/wp_hsmn\/rede-de-pequena-empresa\/\",\"url\":\"https:\/\/www.huesmann.com.br\/wp_hsmn\/rede-de-pequena-empresa\/\",\"name\":\"Rede de Pequena Empresa - Huesmann Services\",\"isPartOf\":{\"@id\":\"https:\/\/www.huesmann.com.br\/wp_hsmn\/#website\"},\"primaryImageOfPage\":{\"@id\":\"https:\/\/www.huesmann.com.br\/wp_hsmn\/rede-de-pequena-empresa\/#primaryimage\"},\"image\":{\"@id\":\"https:\/\/www.huesmann.com.br\/wp_hsmn\/rede-de-pequena-empresa\/#primaryimage\"},\"thumbnailUrl\":\"https:\/\/www.huesmann.com.br\/wp_hsmn\/wp-content\/uploads\/2019\/03\/FaixaVerde_200_5.png\",\"datePublished\":\"2019-03-13T17:09:20+00:00\",\"dateModified\":\"2022-07-01T11:36:45+00:00\",\"breadcrumb\":{\"@id\":\"https:\/\/www.huesmann.com.br\/wp_hsmn\/rede-de-pequena-empresa\/#breadcrumb\"},\"inLanguage\":\"pt-PT\",\"potentialAction\":[{\"@type\":\"ReadAction\",\"target\":[\"https:\/\/www.huesmann.com.br\/wp_hsmn\/rede-de-pequena-empresa\/\"]}]},{\"@type\":\"ImageObject\",\"inLanguage\":\"pt-PT\",\"@id\":\"https:\/\/www.huesmann.com.br\/wp_hsmn\/rede-de-pequena-empresa\/#primaryimage\",\"url\":\"https:\/\/www.huesmann.com.br\/wp_hsmn\/wp-content\/uploads\/2019\/03\/FaixaVerde_200_5.png\",\"contentUrl\":\"https:\/\/www.huesmann.com.br\/wp_hsmn\/wp-content\/uploads\/2019\/03\/FaixaVerde_200_5.png\",\"width\":200,\"height\":5},{\"@type\":\"BreadcrumbList\",\"@id\":\"https:\/\/www.huesmann.com.br\/wp_hsmn\/rede-de-pequena-empresa\/#breadcrumb\",\"itemListElement\":[{\"@type\":\"ListItem\",\"position\":1,\"name\":\"In\u00edcio\",\"item\":\"https:\/\/www.huesmann.com.br\/wp_hsmn\/\"},{\"@type\":\"ListItem\",\"position\":2,\"name\":\"Rede de Pequena Empresa\"}]},{\"@type\":\"WebSite\",\"@id\":\"https:\/\/www.huesmann.com.br\/wp_hsmn\/#website\",\"url\":\"https:\/\/www.huesmann.com.br\/wp_hsmn\/\",\"name\":\"Huesmann Services\",\"description\":\"Inform\u00e1tica para pequenas empresas\",\"publisher\":{\"@id\":\"https:\/\/www.huesmann.com.br\/wp_hsmn\/#organization\"},\"potentialAction\":[{\"@type\":\"SearchAction\",\"target\":{\"@type\":\"EntryPoint\",\"urlTemplate\":\"https:\/\/www.huesmann.com.br\/wp_hsmn\/?s={search_term_string}\"},\"query-input\":{\"@type\":\"PropertyValueSpecification\",\"valueRequired\":true,\"valueName\":\"search_term_string\"}}],\"inLanguage\":\"pt-PT\"},{\"@type\":\"Organization\",\"@id\":\"https:\/\/www.huesmann.com.br\/wp_hsmn\/#organization\",\"name\":\"Huesmann Services\",\"url\":\"https:\/\/www.huesmann.com.br\/wp_hsmn\/\",\"logo\":{\"@type\":\"ImageObject\",\"inLanguage\":\"pt-PT\",\"@id\":\"https:\/\/www.huesmann.com.br\/wp_hsmn\/#\/schema\/logo\/image\/\",\"url\":\"https:\/\/www.huesmann.com.br\/wp_hsmn\/wp-content\/uploads\/2019\/02\/cropped-Logo-Huesmann-250_50-1.png\",\"contentUrl\":\"https:\/\/www.huesmann.com.br\/wp_hsmn\/wp-content\/uploads\/2019\/02\/cropped-Logo-Huesmann-250_50-1.png\",\"width\":250,\"height\":50,\"caption\":\"Huesmann Services\"},\"image\":{\"@id\":\"https:\/\/www.huesmann.com.br\/wp_hsmn\/#\/schema\/logo\/image\/\"},\"sameAs\":[\"http:\/\/www.facebook.com\/huesmannservices\",\"https:\/\/x.com\/huesmannservices\"]}]}<\/script>\n<!-- \/ Yoast SEO plugin. -->","yoast_head_json":{"title":"Rede de Pequena Empresa - Huesmann Services","robots":{"index":"index","follow":"follow","max-snippet":"max-snippet:-1","max-image-preview":"max-image-preview:large","max-video-preview":"max-video-preview:-1"},"canonical":"https:\/\/www.huesmann.com.br\/wp_hsmn\/rede-de-pequena-empresa\/","og_locale":"pt_PT","og_type":"article","og_title":"Rede de Pequena Empresa - Huesmann Services","og_description":"Voc\u00ea j\u00e1 teve problemas com sua rede de pequena empresa? J\u00e1 perdeu arquivos importantes e gastou muitas horas de trabalho[...]","og_url":"https:\/\/www.huesmann.com.br\/wp_hsmn\/rede-de-pequena-empresa\/","og_site_name":"Huesmann Services","article_publisher":"http:\/\/www.facebook.com\/huesmannservices","article_modified_time":"2022-07-01T11:36:45+00:00","og_image":[{"width":200,"height":5,"url":"https:\/\/www.huesmann.com.br\/wp_hsmn\/wp-content\/uploads\/2019\/03\/FaixaVerde_200_5.png","type":"image\/png"}],"twitter_card":"summary_large_image","twitter_site":"@huesmannservices","twitter_misc":{"Tempo estimado de leitura":"2 minutos"},"schema":{"@context":"https:\/\/schema.org","@graph":[{"@type":"WebPage","@id":"https:\/\/www.huesmann.com.br\/wp_hsmn\/rede-de-pequena-empresa\/","url":"https:\/\/www.huesmann.com.br\/wp_hsmn\/rede-de-pequena-empresa\/","name":"Rede de Pequena Empresa - Huesmann Services","isPartOf":{"@id":"https:\/\/www.huesmann.com.br\/wp_hsmn\/#website"},"primaryImageOfPage":{"@id":"https:\/\/www.huesmann.com.br\/wp_hsmn\/rede-de-pequena-empresa\/#primaryimage"},"image":{"@id":"https:\/\/www.huesmann.com.br\/wp_hsmn\/rede-de-pequena-empresa\/#primaryimage"},"thumbnailUrl":"https:\/\/www.huesmann.com.br\/wp_hsmn\/wp-content\/uploads\/2019\/03\/FaixaVerde_200_5.png","datePublished":"2019-03-13T17:09:20+00:00","dateModified":"2022-07-01T11:36:45+00:00","breadcrumb":{"@id":"https:\/\/www.huesmann.com.br\/wp_hsmn\/rede-de-pequena-empresa\/#breadcrumb"},"inLanguage":"pt-PT","potentialAction":[{"@type":"ReadAction","target":["https:\/\/www.huesmann.com.br\/wp_hsmn\/rede-de-pequena-empresa\/"]}]},{"@type":"ImageObject","inLanguage":"pt-PT","@id":"https:\/\/www.huesmann.com.br\/wp_hsmn\/rede-de-pequena-empresa\/#primaryimage","url":"https:\/\/www.huesmann.com.br\/wp_hsmn\/wp-content\/uploads\/2019\/03\/FaixaVerde_200_5.png","contentUrl":"https:\/\/www.huesmann.com.br\/wp_hsmn\/wp-content\/uploads\/2019\/03\/FaixaVerde_200_5.png","width":200,"height":5},{"@type":"BreadcrumbList","@id":"https:\/\/www.huesmann.com.br\/wp_hsmn\/rede-de-pequena-empresa\/#breadcrumb","itemListElement":[{"@type":"ListItem","position":1,"name":"In\u00edcio","item":"https:\/\/www.huesmann.com.br\/wp_hsmn\/"},{"@type":"ListItem","position":2,"name":"Rede de Pequena Empresa"}]},{"@type":"WebSite","@id":"https:\/\/www.huesmann.com.br\/wp_hsmn\/#website","url":"https:\/\/www.huesmann.com.br\/wp_hsmn\/","name":"Huesmann Services","description":"Inform\u00e1tica para pequenas empresas","publisher":{"@id":"https:\/\/www.huesmann.com.br\/wp_hsmn\/#organization"},"potentialAction":[{"@type":"SearchAction","target":{"@type":"EntryPoint","urlTemplate":"https:\/\/www.huesmann.com.br\/wp_hsmn\/?s={search_term_string}"},"query-input":{"@type":"PropertyValueSpecification","valueRequired":true,"valueName":"search_term_string"}}],"inLanguage":"pt-PT"},{"@type":"Organization","@id":"https:\/\/www.huesmann.com.br\/wp_hsmn\/#organization","name":"Huesmann Services","url":"https:\/\/www.huesmann.com.br\/wp_hsmn\/","logo":{"@type":"ImageObject","inLanguage":"pt-PT","@id":"https:\/\/www.huesmann.com.br\/wp_hsmn\/#\/schema\/logo\/image\/","url":"https:\/\/www.huesmann.com.br\/wp_hsmn\/wp-content\/uploads\/2019\/02\/cropped-Logo-Huesmann-250_50-1.png","contentUrl":"https:\/\/www.huesmann.com.br\/wp_hsmn\/wp-content\/uploads\/2019\/02\/cropped-Logo-Huesmann-250_50-1.png","width":250,"height":50,"caption":"Huesmann Services"},"image":{"@id":"https:\/\/www.huesmann.com.br\/wp_hsmn\/#\/schema\/logo\/image\/"},"sameAs":["http:\/\/www.facebook.com\/huesmannservices","https:\/\/x.com\/huesmannservices"]}]}},"_links":{"self":[{"href":"https:\/\/www.huesmann.com.br\/wp_hsmn\/wp-json\/wp\/v2\/pages\/363","targetHints":{"allow":["GET"]}}],"collection":[{"href":"https:\/\/www.huesmann.com.br\/wp_hsmn\/wp-json\/wp\/v2\/pages"}],"about":[{"href":"https:\/\/www.huesmann.com.br\/wp_hsmn\/wp-json\/wp\/v2\/types\/page"}],"author":[{"embeddable":true,"href":"https:\/\/www.huesmann.com.br\/wp_hsmn\/wp-json\/wp\/v2\/users\/1"}],"replies":[{"embeddable":true,"href":"https:\/\/www.huesmann.com.br\/wp_hsmn\/wp-json\/wp\/v2\/comments?post=363"}],"version-history":[{"count":10,"href":"https:\/\/www.huesmann.com.br\/wp_hsmn\/wp-json\/wp\/v2\/pages\/363\/revisions"}],"predecessor-version":[{"id":463,"href":"https:\/\/www.huesmann.com.br\/wp_hsmn\/wp-json\/wp\/v2\/pages\/363\/revisions\/463"}],"wp:featuredmedia":[{"embeddable":true,"href":"https:\/\/www.huesmann.com.br\/wp_hsmn\/wp-json\/wp\/v2\/media\/390"}],"wp:attachment":[{"href":"https:\/\/www.huesmann.com.br\/wp_hsmn\/wp-json\/wp\/v2\/media?parent=363"}],"curies":[{"name":"wp","href":"https:\/\/api.w.org\/{rel}","templated":true}]}}